{"id":5690,"date":"2023-05-29T00:54:44","date_gmt":"2023-05-29T00:54:44","guid":{"rendered":"https:\/\/karsunaccess.cn\/?page_id=5690"},"modified":"2023-12-29T16:53:58","modified_gmt":"2023-12-29T08:53:58","slug":"how-to-choice-turnstile","status":"publish","type":"page","link":"https:\/\/www.karsunaccess.cn\/es\/support\/how-to-choice-turnstile\/","title":{"rendered":"\u00bfC\u00f3mo elegir un torniquete?"},"content":{"rendered":"<div data-elementor-type=\"wp-page\" data-elementor-id=\"5690\" class=\"elementor elementor-5690\" data-elementor-post-type=\"page\">\n\t\t\t\t\t\t<section class=\"elementor-section elementor-top-section elementor-element elementor-element-331bf83 elementor-section-stretched elementor-section-boxed elementor-section-height-default elementor-section-height-default\" data-id=\"331bf83\" data-element_type=\"section\" data-settings=\"{&quot;stretch_section&quot;:&quot;section-stretched&quot;,&quot;background_background&quot;:&quot;classic&quot;,&quot;ekit_has_onepagescroll_dot&quot;:&quot;yes&quot;}\">\n\t\t\t\t\t\t<div class=\"elementor-container elementor-column-gap-no\">\n\t\t\t\t\t<div class=\"elementor-column elementor-col-100 elementor-top-column elementor-element elementor-element-6f22a80\" data-id=\"6f22a80\" data-element_type=\"column\">\n\t\t\t<div class=\"elementor-widget-wrap elementor-element-populated\">\n\t\t\t\t\t\t<div class=\"elementor-element elementor-element-daeb350 elementor-widget elementor-widget-elementskit-social-media\" data-id=\"daeb350\" data-element_type=\"widget\" data-settings=\"{&quot;ekit_we_effect_on&quot;:&quot;none&quot;}\" data-widget_type=\"elementskit-social-media.default\">\n\t\t\t\t<div class=\"elementor-widget-container\">\n\t\t\t\t\t<div class=\"ekit-wid-con\" >\t\t\t <ul class=\"ekit_social_media\">\n\t\t\t\t\t\t\t\t\t\t\t\t\t\t<li class=\"elementor-repeater-item-0e50b5a\">\n\t\t\t\t\t    <a href=\"https:\/\/www.karsunaccess.cn\/es\/\" target=\"_blank\" aria-label=\"Inicio\" class=\"home\" rel=\"noopener\">\n\t\t\t\t\t\t\t\n\t\t\t\t\t\t\t<i aria-hidden=\"true\" class=\"fas fa-home\"><\/i>\n                                                                                    Inicio                                                                                <\/a>\n                    <\/li>\n                    \t\t\t\t\t\t\t\t\t\t\t\t\t\t<li class=\"elementor-repeater-item-4fd08e1\">\n\t\t\t\t\t    <a\n\t\t\t\t\t\t class=\"right\" >\n\t\t\t\t\t\t\t\n\t\t\t\t\t\t\t<i aria-hidden=\"true\" class=\"fas fa-chevron-right\"><\/i>\n                                                                                    \u00bfC\u00f3mo elegir Turnstile ?                                                                                <\/a>\n                    <\/li>\n                    \t\t\t\t\t\t\t<\/ul>\n\t\t<\/div>\t\t\t\t<\/div>\n\t\t\t\t<\/div>\n\t\t\t\t\t<\/div>\n\t\t<\/div>\n\t\t\t\t\t<\/div>\n\t\t<\/section>\n\t\t\t\t<section class=\"elementor-section elementor-top-section elementor-element elementor-element-978f00a elementor-section-boxed elementor-section-height-default elementor-section-height-default\" data-id=\"978f00a\" data-element_type=\"section\" data-settings=\"{&quot;background_background&quot;:&quot;classic&quot;,&quot;ekit_has_onepagescroll_dot&quot;:&quot;yes&quot;}\">\n\t\t\t\t\t\t<div class=\"elementor-container elementor-column-gap-no\">\n\t\t\t\t\t<div class=\"elementor-column elementor-col-100 elementor-top-column elementor-element elementor-element-5d8b4ba\" data-id=\"5d8b4ba\" data-element_type=\"column\">\n\t\t\t<div class=\"elementor-widget-wrap elementor-element-populated\">\n\t\t\t\t\t\t<div class=\"elementor-element elementor-element-9b245cc elementor-widget elementor-widget-elementskit-blog-posts\" data-id=\"9b245cc\" data-element_type=\"widget\" data-settings=\"{&quot;ekit_we_effect_on&quot;:&quot;none&quot;}\" data-widget_type=\"elementskit-blog-posts.default\">\n\t\t\t\t<div class=\"elementor-widget-container\">\n\t\t\t\t\t<div class=\"ekit-wid-con\" >\n        <div id=\"post-items--9b245cc\" class=\"row post-items ekit-blog-posts-content wihout-masonry\" data-enable=\"no\">\n\n\t\t\t<!-- Blog Carousel markup render -->\n\t\t\t\n\n            <div class=\"col-lg-12 col-md-12\">\n\n                                    <div class=\"elementskit-post-image-card\">\n                        <div class=\"elementskit-entry-header\">\n                            \n                            \n                                                    <\/div><!-- .elementskit-entry-header END -->\n\n                        <div class=\"elementskit-post-body\">\n                            \n                                                                                                                                                        \n                                        \n                                        \t\t\t\t\t\t\t\t\t\t                <h2 class=\"entry-title\">\n                    <a href=\"https:\/\/www.karsunaccess.cn\/es\/speed-gate-turnstile\/\">\n                            Torniquete Speed Gate                    <\/a>\n                <\/h2>\n                                                                                                                                                                                            <p>Inicio Noticias Torniquete de puerta r\u00e1pida Torniquete de puerta r\u00e1pida Definici\u00f3n de torniquete de puerta r\u00e1pida: El torniquete de puerta de velocidad es un tipo de puerta de torniquete de control de acceso peatonal, que tiene una velocidad de tr\u00e1fico m\u00e1s r\u00e1pida, la velocidad de funcionamiento, la funci\u00f3n de posicionamiento m\u00e1s preciso, y un funcionamiento m\u00e1s estable que la puerta de torniquete oscilante. El torniquete de puerta de velocidad se puede considerar un producto mejorado de [...] <\/p>\n                                                                                                                                                        <div class=\"btn-wraper\">\n                                    \n                                                                            <a href=\"https:\/\/www.karsunaccess.cn\/es\/speed-gate-turnstile\/\" class=\"elementskit-btn  whitespace--normal\">\n                                                                                    M\u00e1s informaci\u00f3n \"                                        <\/a>\n                                                                    <\/div>\n                                                    <\/div><!-- .elementskit-post-body END -->\n                    <\/div>\n                \n            <\/div>\t\t\t\t\n\n            <div class=\"col-lg-12 col-md-12\">\n\n                                    <div class=\"elementskit-post-image-card\">\n                        <div class=\"elementskit-entry-header\">\n                                                            <a href=\"https:\/\/www.karsunaccess.cn\/es\/what-is-esd-turnstile-gate-system\/\" class=\"elementskit-entry-thumb\">\n                                    <img decoding=\"async\" src=\"https:\/\/www.karsunaccess.cn\/wp-content\/uploads\/2023\/12\/What-Is-ESD-Turnstile-Gate-System-1.jpg\" alt=\"What Is ESD Turnstile Gate System?\" title=\"\">\n                                <\/a><!-- .elementskit-entry-thumb END -->\n                                                            \n                            \n                                                    <\/div><!-- .elementskit-entry-header END -->\n\n                        <div class=\"elementskit-post-body\">\n                            \n                                                                                                                                                        \n                                        \n                                        \t\t\t\t\t\t\t\t\t\t                <h2 class=\"entry-title\">\n                    <a href=\"https:\/\/www.karsunaccess.cn\/es\/what-is-esd-turnstile-gate-system\/\">\n                            \u00bfQu\u00e9 es el sistema de torniquetes ESD?                    <\/a>\n                <\/h2>\n                                                                                                                                                                                            <p>Inicio Noticias \u00bfQu\u00e9 es un torniquete ESD? \u00bfQu\u00e9 es el sistema de torniquetes ESD? \u00bfQu\u00e9 es el torniquete ESD? \u00bfQu\u00e9 es el sistema de torniquete ESD? El sistema de torniquete ESD es un nuevo tipo de sistema de gesti\u00f3n de control de acceso que combina la prueba electrost\u00e1tica humana y la gesti\u00f3n de control de acceso de torniquete. Los principales componentes del sistema [...] <\/p>\n                                                                                                                                                        <div class=\"btn-wraper\">\n                                    \n                                                                            <a href=\"https:\/\/www.karsunaccess.cn\/es\/what-is-esd-turnstile-gate-system\/\" class=\"elementskit-btn  whitespace--normal\">\n                                                                                    M\u00e1s informaci\u00f3n \"                                        <\/a>\n                                                                    <\/div>\n                                                    <\/div><!-- .elementskit-post-body END -->\n                    <\/div>\n                \n            <\/div>\t\t\t\t        <\/div>\n        \n        \n                    <div \n            data-ekit-blog-post-style=\"numbered\"\n            class=\"ekit-blog-post-pagination-container ekit-blog-post-pagination-style-numbered\" \n            id=\"post-nagivation--9b245cc\">\n                            <\/div>\n\n            <\/div>\t\t\t\t<\/div>\n\t\t\t\t<\/div>\n\t\t\t\t\t<\/div>\n\t\t<\/div>\n\t\t\t\t\t<\/div>\n\t\t<\/section>\n\t\t\t\t<\/div>","protected":false},"excerpt":{"rendered":"<p>Home How to choice Turnstile ? KARSUN At 19th CPSE Security Fair #3 Home News KARSUN at 19th CPSE security Fair 10.28.2023 Successful subway project in Venezuela-KARSUN ???? Big News! ???? Our three-roller gates have rocked the Venezuelan metro stations, earning high praise! The fantastic response has fueled plans for an expanded partnership with our [&hellip;] <\/p>","protected":false},"author":1,"featured_media":0,"parent":4720,"menu_order":0,"comment_status":"closed","ping_status":"closed","template":"","meta":{"site-sidebar-layout":"no-sidebar","site-content-layout":"page-builder","ast-site-content-layout":"default","site-content-style":"default","site-sidebar-style":"default","ast-global-header-display":"","ast-banner-title-visibility":"","ast-main-header-display":"","ast-hfb-above-header-display":"","ast-hfb-below-header-display":"","ast-hfb-mobile-header-display":"","site-post-title":"disabled","ast-breadcrumbs-content":"","ast-featured-img":"disabled","footer-sml-layout":"","ast-disable-related-posts":"","theme-transparent-header-meta":"","adv-header-id-meta":"","stick-header-meta":"","header-above-stick-meta":"","header-main-stick-meta":"","header-below-stick-meta":"","astra-migrate-meta-layouts":"default","ast-page-background-enabled":"default","ast-page-background-meta":{"desktop":{"background-color":"","background-image":"","background-repeat":"repeat","background-position":"center center","background-size":"auto","background-attachment":"scroll","background-type":"","background-media":"","overlay-type":"","overlay-color":"","overlay-opacity":"","overlay-gradient":""},"tablet":{"background-color":"","background-image":"","background-repeat":"repeat","background-position":"center center","background-size":"auto","background-attachment":"scroll","background-type":"","background-media":"","overlay-type":"","overlay-color":"","overlay-opacity":"","overlay-gradient":""},"mobile":{"background-color":"","background-image":"","background-repeat":"repeat","background-position":"center center","background-size":"auto","background-attachment":"scroll","background-type":"","background-media":"","overlay-type":"","overlay-color":"","overlay-opacity":"","overlay-gradient":""}},"ast-content-background-meta":{"desktop":{"background-color":"var(--ast-global-color-5)","background-image":"","background-repeat":"repeat","background-position":"center center","background-size":"auto","background-attachment":"scroll","background-type":"","background-media":"","overlay-type":"","overlay-color":"","overlay-opacity":"","overlay-gradient":""},"tablet":{"background-color":"var(--ast-global-color-5)","background-image":"","background-repeat":"repeat","background-position":"center center","background-size":"auto","background-attachment":"scroll","background-type":"","background-media":"","overlay-type":"","overlay-color":"","overlay-opacity":"","overlay-gradient":""},"mobile":{"background-color":"var(--ast-global-color-5)","background-image":"","background-repeat":"repeat","background-position":"center center","background-size":"auto","background-attachment":"scroll","background-type":"","background-media":"","overlay-type":"","overlay-color":"","overlay-opacity":"","overlay-gradient":""}},"footnotes":""},"class_list":["post-5690","page","type-page","status-publish","hentry"],"_links":{"self":[{"href":"https:\/\/www.karsunaccess.cn\/es\/wp-json\/wp\/v2\/pages\/5690","targetHints":{"allow":["GET"]}}],"collection":[{"href":"https:\/\/www.karsunaccess.cn\/es\/wp-json\/wp\/v2\/pages"}],"about":[{"href":"https:\/\/www.karsunaccess.cn\/es\/wp-json\/wp\/v2\/types\/page"}],"author":[{"embeddable":true,"href":"https:\/\/www.karsunaccess.cn\/es\/wp-json\/wp\/v2\/users\/1"}],"replies":[{"embeddable":true,"href":"https:\/\/www.karsunaccess.cn\/es\/wp-json\/wp\/v2\/comments?post=5690"}],"version-history":[{"count":0,"href":"https:\/\/www.karsunaccess.cn\/es\/wp-json\/wp\/v2\/pages\/5690\/revisions"}],"up":[{"embeddable":true,"href":"https:\/\/www.karsunaccess.cn\/es\/wp-json\/wp\/v2\/pages\/4720"}],"wp:attachment":[{"href":"https:\/\/www.karsunaccess.cn\/es\/wp-json\/wp\/v2\/media?parent=5690"}],"curies":[{"name":"wp","href":"https:\/\/api.w.org\/{rel}","templated":true}]}}